{"id":342,"date":"2020-12-07T10:22:42","date_gmt":"2020-12-07T09:22:42","guid":{"rendered":"https:\/\/machina.l3s.uni-hannover.de\/index.php\/home-5\/"},"modified":"2022-10-12T15:02:24","modified_gmt":"2022-10-12T14:02:24","slug":"home-ro","status":"publish","type":"page","link":"https:\/\/machina.univ-lyon1.fr\/index.php\/ro\/home-ro\/","title":{"rendered":""},"content":{"rendered":"\n<div class=\"wp-block-cover aligncenter has-background-dim-70 has-background-dim\" style=\"background-image:url(https:\/\/machina.l3s.uni-hannover.de\/wp-content\/uploads\/2020\/11\/AdobeStock_258871009-scaled.jpeg);background-color:#02070f;min-height:523px;background-position:47% 53%\"><div class=\"wp-block-cover__inner-container\">\n<h1 class=\"has-text-align-center\" style=\"font-size:58px\">MACHINA<\/h1>\n\n\n\n<p class=\"has-text-align-center\" style=\"font-size:33px\"> Machine Learning skills for ICT professionals<\/p>\n\n\n\n<p class=\"has-text-align-center\" style=\"font-size:24px\">Proiectul MACHINA \u00ee\u0219i propune s\u0103 \u00eembun\u0103t\u0103\u021beasc\u0103 educa\u021bia \u0219i formarea profesional\u0103 pentru profesioni\u0219tii din IT \u00een domeniul \u00eenv\u0103\u021b\u0103rii automate.<\/p>\n<\/div><\/div>\n\n\n\n<div style=\"height:32px\" aria-hidden=\"true\" class=\"wp-block-spacer\"><\/div>\n\n\n\n<figure class=\"wp-block-embed is-type-video is-provider-youtube wp-block-embed-youtube\"><div class=\"wp-block-embed__wrapper\">\n<div class=\"jetpack-video-wrapper\"><iframe title=\"An introduction to MACHINA and ML\" width=\"685\" height=\"385\" src=\"https:\/\/www.youtube.com\/embed\/Ur8VPczJx3A?start=100&#038;feature=oembed\" frameborder=\"0\" allow=\"accelerometer; autoplay; clipboard-write; encrypted-media; gyroscope; picture-in-picture\" allowfullscreen><\/iframe><\/div>\n<\/div><\/figure>\n\n\n\n<div style=\"height:32px\" aria-hidden=\"true\" class=\"wp-block-spacer\"><\/div>\n\n\n\n<h2 class=\"has-text-align-left has-text-color\" style=\"color:#1f1e56\"><span class=\"uppercase\"><span style=\"color:#1f1e56;\" class=\"has-inline-color\"><strong>DESPRE PROIECT<\/strong> <\/span><\/span><\/h2>\n\n\n\n<p class=\"has-normal-font-size\">Machine Learning (ML) este un subset de inteligen\u021b\u0103 artificial\u0103 (AI) care a c\u00e2\u0219tigat o importan\u021b\u0103 substan\u021bial\u0103 \u00een diverse realit\u0103\u021bi economice \u0219i sociale, a devenit baza pentru o serie de dezvolt\u0103ri tehnologice, cum ar fi sistemele de traducere automat\u0103, analiza \u0219i imagistic\u0103 medical\u0103 \u0219i asist\u0103ri virtuale. ML s-a n\u0103scut din recunoa\u0219terea modelelor, dar a evoluat pentru a se referi la utilizarea algoritmilor de date \u0219i \u00eenv\u0103\u021bare pentru a produce modele, a prezice rezultatele \u0219i a lua decizii cu o interven\u021bie minim\u0103 a omului. Expansiunea rapid\u0103 a ML, \u00een special \u00een industriile bazate pe date (de exemplu, sectorul bancar, comer\u021bul cu am\u0103nuntul), cre\u0219te rapid cererea de lucr\u0103tori califica\u021bi de TIC \u00een UE. \u00cen timp ce cererea de lucr\u0103tori exper\u021bi \u00een ML este deosebit de mare, oferta r\u0103m\u00e2ne cu mult \u00een urm\u0103.<\/p>\n\n\n\n<p class=\"has-normal-font-size\">MACHINA este un proiect Erasmus KA2, care \u00ee\u0219i propune s\u0103 abordeze acest deficit de competen\u021be \u00een ML prin cre\u0219terea relevan\u021bei ofertei C-VET \u0219i I-VET \u00een sector, pentru a se asigura c\u0103 for\u021ba de munc\u0103 IT existent\u0103 \u0219i viitoare va avea competen\u021bele specifice ML \u0219i abilit\u0103\u021bile transversale necesare pentru a r\u0103spunde la cerin\u021bele moderne de la locul de munc\u0103 \u0219i s\u0103 reu\u0219easc\u0103 \u00eentr-un domeniu competitiv, \u00een dezvoltare rapid\u0103. De asemenea, proiectul va pune la dispozi\u021bie materiale educa\u021bionale transna\u021bionale sub form\u0103 de OER, pentru a asigura adoptarea pe scar\u0103 larg\u0103 \u0219i pentru a sprijini furnizarea VET \u00eentr-un mod rentabil \u0219i flexibil.<\/p>\n\n\n\n<div style=\"height:25px\" aria-hidden=\"true\" class=\"wp-block-spacer\"><\/div>\n\n\n\n<div class=\"wp-block-columns\">\n<div class=\"wp-block-column\">\n<div class=\"wp-block-image\"><figure class=\"aligncenter size-large is-resized\"><img loading=\"lazy\" src=\"https:\/\/machina.univ-lyon1.fr\/wordpress\/wp-content\/uploads\/2021\/01\/GRANT-new-4.png\" alt=\"\" class=\"wp-image-791\" width=\"311\" height=\"261\" srcset=\"https:\/\/machina.univ-lyon1.fr\/wp-content\/uploads\/2021\/01\/GRANT-new-4.png 940w, https:\/\/machina.univ-lyon1.fr\/wp-content\/uploads\/2021\/01\/GRANT-new-4-300x251.png 300w, https:\/\/machina.univ-lyon1.fr\/wp-content\/uploads\/2021\/01\/GRANT-new-4-768x644.png 768w, https:\/\/machina.univ-lyon1.fr\/wp-content\/uploads\/2021\/01\/GRANT-new-4-685x574.png 685w\" sizes=\"(max-width: 311px) 100vw, 311px\" \/><\/figure><\/div>\n<\/div>\n\n\n\n<div class=\"wp-block-column\">\n<div class=\"wp-block-image\"><figure class=\"aligncenter size-large is-resized\"><img loading=\"lazy\" src=\"https:\/\/machina.univ-lyon1.fr\/wordpress\/wp-content\/uploads\/2021\/01\/DURATION-RO.png\" alt=\"\" class=\"wp-image-793\" width=\"311\" height=\"261\" srcset=\"https:\/\/machina.univ-lyon1.fr\/wp-content\/uploads\/2021\/01\/DURATION-RO.png 940w, https:\/\/machina.univ-lyon1.fr\/wp-content\/uploads\/2021\/01\/DURATION-RO-300x251.png 300w, https:\/\/machina.univ-lyon1.fr\/wp-content\/uploads\/2021\/01\/DURATION-RO-768x644.png 768w, https:\/\/machina.univ-lyon1.fr\/wp-content\/uploads\/2021\/01\/DURATION-RO-685x574.png 685w\" sizes=\"(max-width: 311px) 100vw, 311px\" \/><\/figure><\/div>\n<\/div>\n<\/div>\n\n\n\n<div style=\"height:30px\" aria-hidden=\"true\" class=\"wp-block-spacer desktop-only\"><\/div>\n\n\n\n<hr class=\"wp-block-separator has-text-color has-background has-medium-gray-background-color has-medium-gray-color is-style-wide\"\/>\n\n\n\n<h2 class=\"has-text-align-left has-text-color\" style=\"color:#1f1e56\"><span class=\"uppercase\"><span style=\"color:#1f1e56;\" class=\"has-inline-color\"><strong>OBIECTIVELE PROIECTULUI<\/strong><\/span><\/span><\/h2>\n\n\n\n<p class=\"has-normal-font-size\">\u2022 Elaborarea unui curriculum comun VET \u00een domeniul \u00eenv\u0103\u021b\u0103rii automate &#8211; Machine Learning (ML), pentru a sus\u021bine capacitatea lucr\u0103torilor TIC cu competen\u021be tehnice, non-tehnice \u0219i meta (soft) c\u0103utate.<\/p>\n\n\n\n<p class=\"has-normal-font-size\">\u2022 Introducerea metodelor flexibile de furnizare a form\u0103rii \u0219i resurse pedagogice inovatoare cu acces deschis pentru a sprijini furnizarea VET \u0219i achizi\u021bia de competen\u021be \u00een domeniul ML.<\/p>\n\n\n\n<p class=\"has-normal-font-size\">\u2022 \u00cencurajarea recunoa\u0219terii \u0219i integr\u0103rii cerin\u021belor de competen\u021be ML \u00een cadrele de competen\u021b\u0103 sectoriale \u0219i schemele de certificare.<\/p>\n\n\n\n<p class=\"has-normal-font-size\">\u2022 \u00cembun\u0103t\u0103\u021birea pie\u021bei for\u021bei de munc\u0103 ML \u0219i a informa\u021biilor privind competen\u021bele la nivelul UE.<\/p>\n\n\n\n<div style=\"height:44px\" aria-hidden=\"true\" class=\"wp-block-spacer desktop-only\"><\/div>\n\n\n\n<hr class=\"wp-block-separator has-text-color has-background has-medium-gray-background-color has-medium-gray-color is-style-wide\"\/>\n\n\n\n<h2 class=\"has-text-align-left has-text-color\" style=\"color:#1f1e56\"><span class=\"uppercase\"><span style=\"color:#1f1e56;\" class=\"has-inline-color\"><strong>GRUPURI \u021aINT\u0102<\/strong><\/span><\/span><\/h2>\n\n\n\n<p class=\"has-normal-font-size\">\u2022 Furnizori de educa\u021bie \/ formare<\/p>\n\n\n\n<p class=\"has-normal-font-size\">\u2022 Lucr\u0103torii din IT care au nevoie de C-VET<\/p>\n\n\n\n<p class=\"has-normal-font-size\">\u2022 Cursan\u021bi I-VET<\/p>\n\n\n\n<p class=\"has-normal-font-size\">\u2022 Reprezentan\u021bi ai sectorului \u0219i parteneri sociali <\/p>\n\n\n\n<p class=\"has-normal-font-size\">\u2022 Autorit\u0103\u021bile publice din educa\u021bie \u0219i acreditare <\/p>\n\n\n\n<div style=\"height:45px\" aria-hidden=\"true\" class=\"wp-block-spacer desktop-only\"><\/div>\n\n\n\n<hr class=\"wp-block-separator has-text-color has-background has-medium-gray-background-color has-medium-gray-color is-style-wide\"\/>\n\n\n\n<h2 class=\"has-text-color\" style=\"color:#040833\"><span style=\"color:#1f1e56;\" class=\"has-inline-color\">PARTENERI AI PROIECTULUI MACHINA<\/span><\/h2>\n\n\n\n<p>                                                                         <\/p>\n\n\n\n<div class=\"wp-block-columns\">\n<div class=\"wp-block-column\">\n<div class=\"wp-block-image\"><figure class=\"aligncenter size-large is-resized\"><a href=\"https:\/\/www.univ-lyon1.fr\/\"><img loading=\"lazy\" src=\"https:\/\/machina.l3s.uni-hannover.de\/wp-content\/uploads\/2020\/12\/1200px-Claude_Bernard_University_Lyon_1_logo.svg_-1024x743.png\" alt=\"\" class=\"wp-image-245\" width=\"180\" height=\"135\"\/><\/a><\/figure><\/div>\n<\/div>\n\n\n\n<div class=\"wp-block-column\">\n<div class=\"wp-block-image\"><figure class=\"aligncenter size-large is-resized\"><a href=\"https:\/\/www.l3s.de\/en\"><img loading=\"lazy\" src=\"https:\/\/machina.l3s.uni-hannover.de\/wp-content\/uploads\/2020\/11\/template-1024x538.png\" alt=\"\" class=\"wp-image-56\" width=\"298\" height=\"172\"\/><\/a><\/figure><\/div>\n\n\n\n<p><\/p>\n<\/div>\n<\/div>\n\n\n\n<div class=\"wp-block-columns are-vertically-aligned-center\">\n<div class=\"wp-block-column is-vertically-aligned-center\">\n<div class=\"wp-block-image\"><figure class=\"aligncenter size-large is-resized\"><a href=\"https:\/\/www.geeksacademy.it\/en-en\/index.aspx\"><img loading=\"lazy\" src=\"https:\/\/machina.univ-lyon1.fr\/wordpress\/wp-content\/uploads\/2021\/01\/ACADEMA-4.png\" alt=\"\" class=\"wp-image-795\" width=\"211\" height=\"47\" srcset=\"https:\/\/machina.univ-lyon1.fr\/wp-content\/uploads\/2021\/01\/ACADEMA-4.png 358w, https:\/\/machina.univ-lyon1.fr\/wp-content\/uploads\/2021\/01\/ACADEMA-4-300x65.png 300w, https:\/\/machina.univ-lyon1.fr\/wp-content\/uploads\/2021\/01\/ACADEMA-4-342x78.png 342w\" sizes=\"(max-width: 211px) 100vw, 211px\" \/><\/a><\/figure><\/div>\n<\/div>\n\n\n\n<div class=\"wp-block-column is-vertically-aligned-center\">\n<div class=\"wp-block-image\"><figure class=\"aligncenter size-large is-resized\"><a href=\"https:\/\/exelia.gr\/\"><img loading=\"lazy\" src=\"https:\/\/machina.univ-lyon1.fr\/wordpress\/wp-content\/uploads\/2021\/01\/EXELIA_LOGO_new-4.jpg\" alt=\"\" class=\"wp-image-799\" width=\"181\" height=\"58\" srcset=\"https:\/\/machina.univ-lyon1.fr\/wp-content\/uploads\/2021\/01\/EXELIA_LOGO_new-4.jpg 448w, https:\/\/machina.univ-lyon1.fr\/wp-content\/uploads\/2021\/01\/EXELIA_LOGO_new-4-300x97.jpg 300w\" sizes=\"(max-width: 181px) 100vw, 181px\" \/><\/a><\/figure><\/div>\n<\/div>\n\n\n\n<div class=\"wp-block-column is-vertically-aligned-center\">\n<div class=\"wp-block-image\"><figure class=\"aligncenter size-large is-resized\"><a href=\"https:\/\/www.edu.ro\/ANC\"><img loading=\"lazy\" src=\"https:\/\/machina.univ-lyon1.fr\/wordpress\/wp-content\/uploads\/2021\/01\/anc-4.png\" alt=\"\" class=\"wp-image-801\" width=\"199\" height=\"95\" srcset=\"https:\/\/machina.univ-lyon1.fr\/wp-content\/uploads\/2021\/01\/anc-4.png 316w, https:\/\/machina.univ-lyon1.fr\/wp-content\/uploads\/2021\/01\/anc-4-300x143.png 300w\" sizes=\"(max-width: 199px) 100vw, 199px\" \/><\/a><\/figure><\/div>\n<\/div>\n<\/div>\n\n\n\n<div style=\"height:45px\" aria-hidden=\"true\" class=\"wp-block-spacer desktop-only\"><\/div>\n\n\n\n<hr class=\"wp-block-separator is-style-wide\"\/>\n\n\n\n<div class=\"wp-block-image\"><figure class=\"aligncenter size-large is-resized\"><img loading=\"lazy\" src=\"https:\/\/machina.univ-lyon1.fr\/wordpress\/wp-content\/uploads\/2021\/01\/Erasmus_Logo-svg-4.png\" alt=\"\" class=\"wp-image-805\" width=\"289\" height=\"83\" srcset=\"https:\/\/machina.univ-lyon1.fr\/wp-content\/uploads\/2021\/01\/Erasmus_Logo-svg-4.png 313w, https:\/\/machina.univ-lyon1.fr\/wp-content\/uploads\/2021\/01\/Erasmus_Logo-svg-4-300x86.png 300w\" sizes=\"(max-width: 289px) 100vw, 289px\" \/><\/figure><\/div>\n\n\n\n<p class=\"has-normal-font-size\">Sprijinul <strong>Comisiei Europene<\/strong> pentru producerea acestei publica\u021bii nu constituie o aprobare a con\u021binutului care reflect\u0103 doar opiniile autorilor, iar Comisia nu poate fi tras\u0103 la r\u0103spundere pentru orice utilizare a informa\u021biilor con\u021binute \u00een aceasta.<\/p>\n\n\n\n<div style=\"height:45px\" aria-hidden=\"true\" class=\"wp-block-spacer desktop-only\"><\/div>\n\n\n\n<p><\/p>\n","protected":false},"excerpt":{"rendered":"<p>DESPRE PROIECT Machine Learning (ML) este un subset de inteligen\u021b\u0103 artificial\u0103 (AI) care a c\u00e2\u0219tigat o importan\u021b\u0103 substan\u021bial\u0103 \u00een diverse realit\u0103\u021bi economice \u0219i sociale, a devenit baza pentru o serie de dezvolt\u0103ri tehnologice, cum ar fi sistemele de traducere automat\u0103, analiza \u0219i imagistic\u0103 medical\u0103 \u0219i asist\u0103ri virtuale. ML s-a n\u0103scut din recunoa\u0219terea modelelor, dar a &hellip; <a href=\"https:\/\/machina.univ-lyon1.fr\/index.php\/ro\/home-ro\/\" class=\"more-link\">Continue reading <span class=\"screen-reader-text\"><\/span><\/a><\/p>\n","protected":false},"author":5,"featured_media":0,"parent":0,"menu_order":0,"comment_status":"closed","ping_status":"closed","template":"","meta":{"_monsterinsights_skip_tracking":false,"_monsterinsights_sitenote_active":false,"_monsterinsights_sitenote_note":"","_monsterinsights_sitenote_category":0,"spay_email":""},"_links":{"self":[{"href":"https:\/\/machina.univ-lyon1.fr\/index.php\/wp-json\/wp\/v2\/pages\/342"}],"collection":[{"href":"https:\/\/machina.univ-lyon1.fr\/index.php\/wp-json\/wp\/v2\/pages"}],"about":[{"href":"https:\/\/machina.univ-lyon1.fr\/index.php\/wp-json\/wp\/v2\/types\/page"}],"author":[{"embeddable":true,"href":"https:\/\/machina.univ-lyon1.fr\/index.php\/wp-json\/wp\/v2\/users\/5"}],"replies":[{"embeddable":true,"href":"https:\/\/machina.univ-lyon1.fr\/index.php\/wp-json\/wp\/v2\/comments?post=342"}],"version-history":[{"count":16,"href":"https:\/\/machina.univ-lyon1.fr\/index.php\/wp-json\/wp\/v2\/pages\/342\/revisions"}],"predecessor-version":[{"id":2045,"href":"https:\/\/machina.univ-lyon1.fr\/index.php\/wp-json\/wp\/v2\/pages\/342\/revisions\/2045"}],"wp:attachment":[{"href":"https:\/\/machina.univ-lyon1.fr\/index.php\/wp-json\/wp\/v2\/media?parent=342"}],"curies":[{"name":"wp","href":"https:\/\/api.w.org\/{rel}","templated":true}]}}