{"id":416,"date":"2020-12-07T15:29:25","date_gmt":"2020-12-07T14:29:25","guid":{"rendered":"https:\/\/machina.l3s.uni-hannover.de\/?page_id=416"},"modified":"2021-02-09T13:49:46","modified_gmt":"2021-02-09T12:49:46","slug":"partnership-it","status":"publish","type":"page","link":"https:\/\/machina.univ-lyon1.fr\/index.php\/it\/partnership-it\/","title":{"rendered":"Partenariato"},"content":{"rendered":"\n<div style=\"height:80px\" aria-hidden=\"true\" class=\"wp-block-spacer desktop-only\"><\/div>\n\n\n\n<div class=\"wp-block-media-text alignwide is-stacked-on-mobile is-vertically-aligned-center\" style=\"grid-template-columns:30% auto\"><figure class=\"wp-block-media-text__media\"><a href=\"https:\/\/www.univ-lyon1.fr\/\"><img loading=\"lazy\" width=\"300\" height=\"218\" src=\"https:\/\/machina.univ-lyon1.fr\/wordpress\/wp-content\/uploads\/2021\/01\/1200px-Claude_Bernard_University_Lyon_1_logo.svg_-2-300x218.png\" alt=\"\" class=\"wp-image-941 size-medium\" srcset=\"https:\/\/machina.univ-lyon1.fr\/wp-content\/uploads\/2021\/01\/1200px-Claude_Bernard_University_Lyon_1_logo.svg_-2-300x218.png 300w, https:\/\/machina.univ-lyon1.fr\/wp-content\/uploads\/2021\/01\/1200px-Claude_Bernard_University_Lyon_1_logo.svg_-2-1024x743.png 1024w, https:\/\/machina.univ-lyon1.fr\/wp-content\/uploads\/2021\/01\/1200px-Claude_Bernard_University_Lyon_1_logo.svg_-2-768x557.png 768w, https:\/\/machina.univ-lyon1.fr\/wp-content\/uploads\/2021\/01\/1200px-Claude_Bernard_University_Lyon_1_logo.svg_-2-685x497.png 685w, https:\/\/machina.univ-lyon1.fr\/wp-content\/uploads\/2021\/01\/1200px-Claude_Bernard_University_Lyon_1_logo.svg_-2.png 1200w\" sizes=\"(max-width: 300px) 100vw, 300px\" \/><\/a><\/figure><div class=\"wp-block-media-text__content\">\n<h2 class=\"has-text-align-left has-text-color\" style=\"color:#040833\"><a href=\"https:\/\/www.univ-lyon1.fr\/\"><span style=\"color:#1f1e56;\" class=\"has-inline-color\">UCBL<\/span><\/a><\/h2>\n\n\n\n<p class=\"has-text-align-left\" style=\"font-size:16px\"><em>Lione, Francia<\/em><\/p>\n\n\n\n<p>La Claude Bernard Lyon 1 \u00e8 un&#8217;universit\u00e0 che fornisce insegnamento a 45.000 studenti all&#8217;anno nei campi della scienza e della tecnologia, della salute e dello sport.<\/p>\n\n\n\n<p>Il Claude Bernard Lyon 1 fa parte dell&#8217;Universit\u00e9 de Lyon, il pi\u00f9 importante sito universitario francese al di fuori della regione di Parigi.<\/p>\n\n\n\n<p><strong>Contatto<\/strong>: Parisa Ghodous, <a href=\"mailto:parisa.ghodous-shariat-torbaghan@univ-lyon1.fr\">parisa.ghodous-shariat-torbaghan@univ-lyon1.fr<\/a><\/p>\n<\/div><\/div>\n\n\n\n<div style=\"height:32px\" aria-hidden=\"true\" class=\"wp-block-spacer\"><\/div>\n\n\n\n<hr class=\"wp-block-separator is-style-dots\"\/>\n\n\n\n<div class=\"wp-block-media-text alignwide has-media-on-the-right is-stacked-on-mobile\" style=\"grid-template-columns:auto 30%\"><figure class=\"wp-block-media-text__media\"><a href=\"https:\/\/exelia.gr\/\"><img loading=\"lazy\" width=\"300\" height=\"97\" src=\"https:\/\/machina.univ-lyon1.fr\/wordpress\/wp-content\/uploads\/2021\/01\/EXELIA_LOGO_new-3-300x97.jpg\" alt=\"\" class=\"wp-image-779 size-medium\" srcset=\"https:\/\/machina.univ-lyon1.fr\/wp-content\/uploads\/2021\/01\/EXELIA_LOGO_new-3-300x97.jpg 300w, https:\/\/machina.univ-lyon1.fr\/wp-content\/uploads\/2021\/01\/EXELIA_LOGO_new-3.jpg 448w\" sizes=\"(max-width: 300px) 100vw, 300px\" \/><\/a><\/figure><div class=\"wp-block-media-text__content\">\n<h2 class=\"has-text-align-left has-text-color\" style=\"color:#040833\"><a href=\"https:\/\/exelia.gr\/\"><span style=\"color:#1f1e56;\" class=\"has-inline-color\">EXELIA<\/span><\/a><\/h2>\n\n\n\n<p class=\"has-text-align-left\" style=\"font-size:16px\"><em>Atene, Grecia<\/em><\/p>\n\n\n\n<p>Il punto di forza di EXELIA \u00e8 il suo team interdisciplinare di ricercatori, analisti, project manager, esperti di finanza e comunicazione.<\/p>\n\n\n\n<p>EXELIA sviluppa e distribuisce approcci innovativi per la ricerca, la cooperazione interregionale e la formazione. L&#8217;azienda coordina e redige proposte di progetti di ricerca finanziati dall&#8217;UE e sviluppa ulteriormente i risultati della ricerca e i prototipi in prodotti e servizi innovativi per i suoi clienti.<\/p>\n\n\n\n<p>Il focus tematico di EXELIA \u00e8 nel campo della consulenza sulle politiche pubbliche in settori quali l&#8217;economia circolare, le politiche sul cambiamento climatico, la transizione energetica, ecc.<\/p>\n\n\n\n<p><strong>Contatto<\/strong>: Mr. Dionysios Solomos, <a rel=\"noreferrer noopener\" href=\"mailto:solomos@exelia.gr\" target=\"_blank\">solomos@exelia.gr<\/a><\/p>\n<\/div><\/div>\n\n\n\n<div style=\"height:32px\" aria-hidden=\"true\" class=\"wp-block-spacer\"><\/div>\n\n\n\n<hr class=\"wp-block-separator is-style-dots\"\/>\n\n\n\n<div class=\"wp-block-media-text alignwide is-stacked-on-mobile\" style=\"grid-template-columns:30% auto\"><figure class=\"wp-block-media-text__media\"><a href=\"https:\/\/www.geeksacademy.it\/en-en\/index.aspx\"><img loading=\"lazy\" width=\"300\" height=\"65\" src=\"https:\/\/machina.univ-lyon1.fr\/wordpress\/wp-content\/uploads\/2021\/01\/ACADEMA-3-300x65.png\" alt=\"\" class=\"wp-image-775 size-medium\" srcset=\"https:\/\/machina.univ-lyon1.fr\/wp-content\/uploads\/2021\/01\/ACADEMA-3-300x65.png 300w, https:\/\/machina.univ-lyon1.fr\/wp-content\/uploads\/2021\/01\/ACADEMA-3.png 358w\" sizes=\"(max-width: 300px) 100vw, 300px\" \/><\/a><\/figure><div class=\"wp-block-media-text__content\">\n<h2 class=\"has-text-align-left has-text-color\" style=\"color:#040833\"><a href=\"https:\/\/www.geeksacademy.it\/en-en\/index.aspx\"><span style=\"color:#1f1e56;\" class=\"has-inline-color\">ACADEMY<\/span><\/a><\/h2>\n\n\n\n<p class=\"has-text-align-left\" style=\"font-size:16px\"><em><em>Roma, Italia<\/em><\/em><\/p>\n\n\n\n<p>La rete internazionale per l&#8217;educazione digitale.<\/p>\n\n\n\n<p>Geeks Academy \u00e8 stata fondata per colmare il sempre pi\u00f9 ampio gap di competenze e la conseguente carenza di profili professionali nei campi della cyber security, computer coding, gaming, blockchain, data science, intelligenza artificiale.<\/p>\n\n\n\n<p>Mira a formare talenti digitali e a prepararli a confrontarsi con un mercato del lavoro sempre pi\u00f9 dinamico e competitivo. La visione \u00e8 ampia e profondamente umana: vogliamo creare una comunit\u00e0 globale di geek determinati a trasformare la loro passione in una professione, il loro talento in un lavoro.<\/p>\n\n\n\n<p><strong>Contatto<\/strong>: Dr. Antonio Venece, <a href=\"mailto:a.venece@geeksacademy.it\">a.venece@geeksacademy.it<\/a><\/p>\n<\/div><\/div>\n\n\n\n<div style=\"height:32px\" aria-hidden=\"true\" class=\"wp-block-spacer\"><\/div>\n\n\n\n<hr class=\"wp-block-separator is-style-dots\"\/>\n\n\n\n<div class=\"wp-block-media-text alignwide has-media-on-the-right is-stacked-on-mobile\" style=\"grid-template-columns:auto 30%\"><figure class=\"wp-block-media-text__media\"><a href=\"https:\/\/www.edu.ro\/ANC\"><img loading=\"lazy\" width=\"300\" height=\"143\" src=\"https:\/\/machina.univ-lyon1.fr\/wordpress\/wp-content\/uploads\/2021\/01\/anc-3-300x143.png\" alt=\"\" class=\"wp-image-781 size-medium\" srcset=\"https:\/\/machina.univ-lyon1.fr\/wp-content\/uploads\/2021\/01\/anc-3-300x143.png 300w, https:\/\/machina.univ-lyon1.fr\/wp-content\/uploads\/2021\/01\/anc-3.png 316w\" sizes=\"(max-width: 300px) 100vw, 300px\" \/><\/a><\/figure><div class=\"wp-block-media-text__content\">\n<h2 class=\"has-text-align-left has-text-color\" style=\"color:#040833\"><a href=\"https:\/\/www.edu.ro\/ANC\"><span style=\"color:#1f1e56;\" class=\"has-inline-color\">ANC<\/span><\/a><\/h2>\n\n\n\n<p class=\"has-text-align-left\" style=\"font-size:16px\"><em>Bucarest, Romania<\/em><\/p>\n\n\n\n<p>ANC agisce come punto di coordinamento nazionale per EQF (European Qualification Framework), punto di contatto per ESCo (portale europeo delle abilit\u00e0 e delle competenze), centro nazionale Europass e servizio di supporto nazionale per EPALE (piattaforma elettronica per l&#8217;apprendimento degli adulti in Europa).<\/p>\n\n\n\n<p>L&#8217;ANC gestisce il Registro Nazionale delle Qualifiche (RNC) e armonizza le normative europee e nazionali nel campo delle qualifiche e del loro riconoscimento per aumentare la mobilit\u00e0 della forza lavoro nazionale sul mercato europeo, secondo il trattato di adesione all&#8217;Unione.<\/p>\n\n\n\n<p><strong>Contatto<\/strong>: Mr. Catalin Silvestru, <a rel=\"noreferrer noopener\" href=\"mailto:catalin@ase.ro\" target=\"_blank\">catalin@ase.ro<\/a><\/p>\n<\/div><\/div>\n\n\n\n<div style=\"height:32px\" aria-hidden=\"true\" class=\"wp-block-spacer\"><\/div>\n\n\n\n<hr class=\"wp-block-separator is-style-dots\"\/>\n\n\n\n<div class=\"wp-block-media-text alignwide is-stacked-on-mobile\" style=\"grid-template-columns:30% auto\"><figure class=\"wp-block-media-text__media\"><a href=\"https:\/\/www.l3s.de\/en\"><img loading=\"lazy\" width=\"300\" height=\"282\" src=\"https:\/\/machina.univ-lyon1.fr\/wordpress\/wp-content\/uploads\/2021\/01\/L3S_Logo-2-300x282.png\" alt=\"\" class=\"wp-image-943 size-medium\" srcset=\"https:\/\/machina.univ-lyon1.fr\/wp-content\/uploads\/2021\/01\/L3S_Logo-2-300x282.png 300w, https:\/\/machina.univ-lyon1.fr\/wp-content\/uploads\/2021\/01\/L3S_Logo-2.png 450w\" sizes=\"(max-width: 300px) 100vw, 300px\" \/><\/a><\/figure><div class=\"wp-block-media-text__content\">\n<h2 class=\"has-text-align-left has-text-color\" style=\"color:#040833\"><a href=\"https:\/\/www.l3s.de\/en\"><span style=\"color:#1f1e56;\" class=\"has-inline-color\">L3S<\/span><\/a><\/h2>\n\n\n\n<p class=\"has-text-align-left\" style=\"font-size:16px\"><em>Hannover, Germania<\/em><\/p>\n\n\n\n<p>L3S \u00e8 un centro di ricerca per la ricerca di base e applicata nel campo della trasformazione digitale e della scienza dei dati e del web. I ricercatori di L3S sviluppano metodi innovativi e tecnologie dell&#8217;informazione per sistemi intelligenti, affidabili e responsabili che contribuiscono alla trasformazione digitale di successo e all&#8217;innovazione sostenibile. Il trasferimento delle conoscenze nell&#8217;economia, nella politica e nella societ\u00e0 \u00e8 una componente centrale delle attivit\u00e0 di L3S.<\/p>\n\n\n\n<p>L3S si concentra anche sugli effetti del cambiamento digitale per ricavare dai risultati opzioni di azione, raccomandazioni e strategie di innovazione per l&#8217;economia, la politica e la societ\u00e0. Attraverso la ricerca, lo sviluppo e la consulenza, la L3S e i suoi partner contribuiscono alla trasformazione digitale, soprattutto nei settori della mobilit\u00e0, della salute, della produzione e dell&#8217;istruzione.<\/p>\n\n\n\n<p><strong>Contatto<\/strong>: Dr. Sergej Zerr, <a href=\"mailto:szerr@l3s.de\">szerr@l3s.de<\/a><\/p>\n<\/div><\/div>\n\n\n\n<div style=\"height:80px\" aria-hidden=\"true\" class=\"wp-block-spacer desktop-only\"><\/div>\n\n\n\n<p><\/p>\n","protected":false},"excerpt":{"rendered":"<p>UCBL Lione, Francia La Claude Bernard Lyon 1 \u00e8 un&#8217;universit\u00e0 che fornisce insegnamento a 45.000 studenti all&#8217;anno nei campi della scienza e della tecnologia, della salute e dello sport. Il Claude Bernard Lyon 1 fa parte dell&#8217;Universit\u00e9 de Lyon, il pi\u00f9 importante sito universitario francese al di fuori della regione di Parigi. Contatto: Parisa Ghodous, &hellip; <a href=\"https:\/\/machina.univ-lyon1.fr\/index.php\/it\/partnership-it\/\" class=\"more-link\">Continue reading <span class=\"screen-reader-text\">Partenariato<\/span><\/a><\/p>\n","protected":false},"author":5,"featured_media":0,"parent":0,"menu_order":0,"comment_status":"closed","ping_status":"closed","template":"","meta":{"_monsterinsights_skip_tracking":false,"_monsterinsights_sitenote_active":false,"_monsterinsights_sitenote_note":"","_monsterinsights_sitenote_category":0,"spay_email":""},"_links":{"self":[{"href":"https:\/\/machina.univ-lyon1.fr\/index.php\/wp-json\/wp\/v2\/pages\/416"}],"collection":[{"href":"https:\/\/machina.univ-lyon1.fr\/index.php\/wp-json\/wp\/v2\/pages"}],"about":[{"href":"https:\/\/machina.univ-lyon1.fr\/index.php\/wp-json\/wp\/v2\/types\/page"}],"author":[{"embeddable":true,"href":"https:\/\/machina.univ-lyon1.fr\/index.php\/wp-json\/wp\/v2\/users\/5"}],"replies":[{"embeddable":true,"href":"https:\/\/machina.univ-lyon1.fr\/index.php\/wp-json\/wp\/v2\/comments?post=416"}],"version-history":[{"count":7,"href":"https:\/\/machina.univ-lyon1.fr\/index.php\/wp-json\/wp\/v2\/pages\/416\/revisions"}],"predecessor-version":[{"id":1043,"href":"https:\/\/machina.univ-lyon1.fr\/index.php\/wp-json\/wp\/v2\/pages\/416\/revisions\/1043"}],"wp:attachment":[{"href":"https:\/\/machina.univ-lyon1.fr\/index.php\/wp-json\/wp\/v2\/media?parent=416"}],"curies":[{"name":"wp","href":"https:\/\/api.w.org\/{rel}","templated":true}]}}