{"id":418,"date":"2020-12-07T15:30:53","date_gmt":"2020-12-07T14:30:53","guid":{"rendered":"https:\/\/machina.l3s.uni-hannover.de\/?page_id=418"},"modified":"2021-01-28T15:15:59","modified_gmt":"2021-01-28T14:15:59","slug":"partnership-de","status":"publish","type":"page","link":"https:\/\/machina.univ-lyon1.fr\/index.php\/de\/partnership-de\/","title":{"rendered":"Partnerschaft"},"content":{"rendered":"\n<div style=\"height:80px\" aria-hidden=\"true\" class=\"wp-block-spacer desktop-only\"><\/div>\n\n\n\n<div class=\"wp-block-media-text alignwide is-stacked-on-mobile is-vertically-aligned-center\" style=\"grid-template-columns:30% auto\"><figure class=\"wp-block-media-text__media\"><a href=\"https:\/\/www.univ-lyon1.fr\/\"><img loading=\"lazy\" width=\"300\" height=\"218\" src=\"https:\/\/machina.univ-lyon1.fr\/wordpress\/wp-content\/uploads\/2021\/01\/1200px-Claude_Bernard_University_Lyon_1_logo.svg_-4-300x218.png\" alt=\"\" class=\"wp-image-959 size-medium\" srcset=\"https:\/\/machina.univ-lyon1.fr\/wp-content\/uploads\/2021\/01\/1200px-Claude_Bernard_University_Lyon_1_logo.svg_-4-300x218.png 300w, https:\/\/machina.univ-lyon1.fr\/wp-content\/uploads\/2021\/01\/1200px-Claude_Bernard_University_Lyon_1_logo.svg_-4-1024x743.png 1024w, https:\/\/machina.univ-lyon1.fr\/wp-content\/uploads\/2021\/01\/1200px-Claude_Bernard_University_Lyon_1_logo.svg_-4-768x557.png 768w, https:\/\/machina.univ-lyon1.fr\/wp-content\/uploads\/2021\/01\/1200px-Claude_Bernard_University_Lyon_1_logo.svg_-4-685x497.png 685w, https:\/\/machina.univ-lyon1.fr\/wp-content\/uploads\/2021\/01\/1200px-Claude_Bernard_University_Lyon_1_logo.svg_-4.png 1200w\" sizes=\"(max-width: 300px) 100vw, 300px\" \/><\/a><\/figure><div class=\"wp-block-media-text__content\">\n<h2 class=\"has-text-align-left has-text-color\" style=\"color:#040833\"><a href=\"https:\/\/www.univ-lyon1.fr\/\"><span style=\"color:#1f1e56;\" class=\"has-inline-color\">UCBL<\/span><\/a><\/h2>\n\n\n\n<p class=\"has-text-align-left\" style=\"font-size:16px\"><em>Lyon, <\/em><em style=\"font-style:italic;\">Frankreich<\/em><\/p>\n\n\n\n<p>Claude Bernard Lyon 1 ist die Universit\u00e4t, an der j\u00e4hrlich 45.000 Studenten in den Bereichen Wissenschaft und Technologie, Gesundheit und Sport unterrichtet werden.<\/p>\n\n\n\n<p>Claude Bernard Lyon 1 ist Teil der Universit\u00e9 de Lyon, dem wichtigsten franz\u00f6sischen Universit\u00e4tsstandort au\u00dferhalb der Region Paris.<\/p>\n\n\n\n<p><strong>Kontakt<\/strong>: Parisa Ghodous, <a href=\"mailto:parisa.ghodous-shariat-torbaghan@univ-lyon1.fr\">parisa.ghodous-shariat-torbaghan@univ-lyon1.fr<\/a><\/p>\n<\/div><\/div>\n\n\n\n<div style=\"height:32px\" aria-hidden=\"true\" class=\"wp-block-spacer\"><\/div>\n\n\n\n<hr class=\"wp-block-separator is-style-dots\"\/>\n\n\n\n<div class=\"wp-block-media-text alignwide has-media-on-the-right is-stacked-on-mobile\" style=\"grid-template-columns:auto 30%\"><figure class=\"wp-block-media-text__media\"><a href=\"https:\/\/exelia.gr\/\"><img loading=\"lazy\" width=\"300\" height=\"97\" src=\"https:\/\/machina.univ-lyon1.fr\/wordpress\/wp-content\/uploads\/2021\/01\/EXELIA_LOGO_new-1-300x97.jpg\" alt=\"\" class=\"wp-image-743 size-medium\" srcset=\"https:\/\/machina.univ-lyon1.fr\/wp-content\/uploads\/2021\/01\/EXELIA_LOGO_new-1-300x97.jpg 300w, https:\/\/machina.univ-lyon1.fr\/wp-content\/uploads\/2021\/01\/EXELIA_LOGO_new-1.jpg 448w\" sizes=\"(max-width: 300px) 100vw, 300px\" \/><\/a><\/figure><div class=\"wp-block-media-text__content\">\n<h2 class=\"has-text-align-left has-text-color\" style=\"color:#040833\"><a href=\"https:\/\/exelia.gr\/\"><span style=\"color:#1f1e56;\" class=\"has-inline-color\">EXELIA<\/span><\/a><\/h2>\n\n\n\n<p class=\"has-text-align-left\" style=\"font-size:16px\"><em>Athen, Griechenland<\/em><\/p>\n\n\n\n<p class=\"has-text-align-left\" style=\"font-size:16px\">Die wichtigste St\u00e4rke von EXELIA ist das interdisziplin\u00e4re Team von Forschern, Analytikern, Projektmanagern, Finanz- und Kommunikationsexperten. <\/p>\n\n\n\n<p>EXELIA entwickelt und setzt innovative Ans\u00e4tze f\u00fcr Forschung, interregionale Zusammenarbeit und Ausbildung ein. Das Unternehmen koordiniert und entwirft EU-finanzierte Forschungsprojektantr\u00e4ge und entwickelt Forschungsergebnisse und Prototypen zu innovativen Produkten und Dienstleistungen f\u00fcr seine Kunden weiter.<\/p>\n\n\n\n<p>Der thematische Schwerpunkt von EXELIA steht in Zusammenhang mit der \u00f6ffentlichen Politikberatung in Bereichen wie Kreislaufwirtschaft, Klimapolitik, Energiewende usw.<\/p>\n\n\n\n<p><strong>Kontakt<\/strong>: Mr. Dionysios Solomos, <a rel=\"noreferrer noopener\" href=\"mailto:solomos@exelia.gr\" target=\"_blank\">solomos@exelia.gr<\/a><\/p>\n<\/div><\/div>\n\n\n\n<div style=\"height:32px\" aria-hidden=\"true\" class=\"wp-block-spacer\"><\/div>\n\n\n\n<hr class=\"wp-block-separator is-style-dots\"\/>\n\n\n\n<div class=\"wp-block-media-text alignwide is-stacked-on-mobile\" style=\"grid-template-columns:30% auto\"><figure class=\"wp-block-media-text__media\"><a href=\"https:\/\/www.geeksacademy.it\/en-en\/index.aspx\"><img loading=\"lazy\" width=\"300\" height=\"65\" src=\"https:\/\/machina.univ-lyon1.fr\/wordpress\/wp-content\/uploads\/2021\/01\/ACADEMA-1-300x65.png\" alt=\"\" class=\"wp-image-741 size-medium\" srcset=\"https:\/\/machina.univ-lyon1.fr\/wp-content\/uploads\/2021\/01\/ACADEMA-1-300x65.png 300w, https:\/\/machina.univ-lyon1.fr\/wp-content\/uploads\/2021\/01\/ACADEMA-1.png 358w\" sizes=\"(max-width: 300px) 100vw, 300px\" \/><\/a><\/figure><div class=\"wp-block-media-text__content\">\n<h2 class=\"has-text-align-left has-text-color\" style=\"color:#040833\"><a href=\"https:\/\/www.geeksacademy.it\/en-en\/index.aspx\"><span style=\"color:#1f1e56;\" class=\"has-inline-color\">ACADEMY<\/span><\/a><\/h2>\n\n\n\n<p class=\"has-text-align-left\" style=\"font-size:16px\"><em>Rom, Italien<\/em><\/p>\n\n\n\n<p>Das internationale Netzwerk f\u00fcr digitale Bildung.<\/p>\n\n\n\n<p>Die Geeks Academy wurde gegr\u00fcndet, um die immer gr\u00f6\u00dfer werdende Qualifikationsl\u00fccke und den daraus resultierenden Mangel an Berufsprofilen in den Bereichen Cybersicherheit, Computercodierung, Gaming, Blockchain, Datenwissenschaft, k\u00fcnstliche Intelligenz zu \u00fcberbr\u00fccken.<\/p>\n\n\n\n<p>Das Ziel ist die Ausbildung digitaler Talente und ihre Vorbereitung auf einen zunehmend dynamischen und wettbewerbsorientierten Arbeitsmarkt. Die Vision ist breit gef\u00e4chert und von zutiefst menschlicher Natur: Wir wollen eine globale Gemeinschaft von Geeks schaffen, die entschlossen sind, ihre Leidenschaft in einen Beruf, ihr Talent in eine Arbeit zu verwandeln.<\/p>\n\n\n\n<p><strong>Kontakt<\/strong>: Dr. Antonio Venece, <a href=\"mailto:a.venece@geeksacademy.it\">a.venece@geeksacademy.it<\/a><\/p>\n<\/div><\/div>\n\n\n\n<div style=\"height:32px\" aria-hidden=\"true\" class=\"wp-block-spacer\"><\/div>\n\n\n\n<hr class=\"wp-block-separator is-style-dots\"\/>\n\n\n\n<div class=\"wp-block-media-text alignwide has-media-on-the-right is-stacked-on-mobile\" style=\"grid-template-columns:auto 30%\"><figure class=\"wp-block-media-text__media\"><a href=\"https:\/\/www.edu.ro\/ANC\"><img loading=\"lazy\" width=\"300\" height=\"143\" src=\"https:\/\/machina.univ-lyon1.fr\/wordpress\/wp-content\/uploads\/2021\/01\/anc-1-300x143.png\" alt=\"\" class=\"wp-image-745 size-medium\" srcset=\"https:\/\/machina.univ-lyon1.fr\/wp-content\/uploads\/2021\/01\/anc-1-300x143.png 300w, https:\/\/machina.univ-lyon1.fr\/wp-content\/uploads\/2021\/01\/anc-1.png 316w\" sizes=\"(max-width: 300px) 100vw, 300px\" \/><\/a><\/figure><div class=\"wp-block-media-text__content\">\n<h2 class=\"has-text-align-left has-text-color\" style=\"color:#040833\"><a href=\"https:\/\/www.edu.ro\/ANC\"><span style=\"color:#1f1e56;\" class=\"has-inline-color\">ANC<\/span><\/a><\/h2>\n\n\n\n<p class=\"has-text-align-left\" style=\"font-size:16px\"><em>Bukarest, Rum\u00e4nien<\/em><\/p>\n\n\n\n<p>ANC dient als Nationale Koordinierungsstelle f\u00fcr den EQR (Europ\u00e4ischer Qualifizierungsrahmen), als Kontaktstelle f\u00fcr ESKo (Europ\u00e4isches Qualifikations- und Kompetenzportal), als Nationales Europass Zentrum und als Nationale Unterst\u00fctzungsstelle f\u00fcr EPEBE (Elektronische Plattform f\u00fcr Erwachsenenbildung in Europa).&nbsp;<\/p>\n\n\n\n<p>Der ANC verwaltet das Nationale Register der Qualifikationen (RNC) und harmonisiert die europ\u00e4ischen und nationalen Vorschriften im Bereich der Qualifikationen und deren Anerkennung, um die Mobilit\u00e4t der nationalen Arbeitskr\u00e4fte auf dem europ\u00e4ischen Markt gem\u00e4\u00df dem Vertrag \u00fcber den Beitritt zur Union zu erh\u00f6hen. <\/p>\n\n\n\n<p><strong>Kontakt<\/strong>: Mr. Catalin Silvestru, <a rel=\"noreferrer noopener\" href=\"mailto:catalin@ase.ro\" target=\"_blank\">catalin@ase.ro<\/a><\/p>\n<\/div><\/div>\n\n\n\n<div style=\"height:32px\" aria-hidden=\"true\" class=\"wp-block-spacer\"><\/div>\n\n\n\n<hr class=\"wp-block-separator is-style-dots\"\/>\n\n\n\n<div class=\"wp-block-media-text alignwide is-stacked-on-mobile\" style=\"grid-template-columns:30% auto\"><figure class=\"wp-block-media-text__media\"><a href=\"http:\/\/www.l3s.de\/de\"><img loading=\"lazy\" width=\"300\" height=\"282\" src=\"https:\/\/machina.univ-lyon1.fr\/wordpress\/wp-content\/uploads\/2021\/01\/L3S_Logo-4-300x282.png\" alt=\"\" class=\"wp-image-961 size-medium\" srcset=\"https:\/\/machina.univ-lyon1.fr\/wp-content\/uploads\/2021\/01\/L3S_Logo-4-300x282.png 300w, https:\/\/machina.univ-lyon1.fr\/wp-content\/uploads\/2021\/01\/L3S_Logo-4.png 450w\" sizes=\"(max-width: 300px) 100vw, 300px\" \/><\/a><\/figure><div class=\"wp-block-media-text__content\">\n<h2 class=\"has-text-align-left has-text-color\" style=\"color:#040833\"><a href=\"https:\/\/www.l3s.de\/en\"><span style=\"color:#1f1e56;\" class=\"has-inline-color\">L3S<\/span><\/a><\/h2>\n\n\n\n<p class=\"has-text-align-left\" style=\"font-size:16px\"><em>Hannover, <em>Deutschland<\/em><\/em><\/p>\n\n\n\n<p>Das L3S ist ein Forschungszentrum f\u00fcr grundlagen- und anwendungsorientierte Forschung im Bereich Digitale Transformation sowie Data- und Web-Science. L3S-Forscher entwickeln zukunftsweisende Methoden und Informationstechnologien f\u00fcr intelligente, zuverl\u00e4ssige und verantwortungsvolle Systeme, welche zur Gestaltung der digitalen Transformation und zur nachhaltigen Innovation beitragen. Der Wissentransfer in Wirtschaft, Politik und Gesellschaft bildet einen zentralen Baustein der Aktivit\u00e4ten des L3S.<\/p>\n\n\n\n<p>Das L3S erforscht die Auswirkungen des digitalen Wandels, um aus den Erkenntnissen Handlungsoptionen, -empfehlungen sowie Innovationsstrategien f\u00fcr die Wirtschaft, die Politik und Gesellschaft herzuleiten. Durch Forschung, Entwicklung und Beratung tr\u00e4gt das L3S gemeinsam mit seinen Partnern zur digitalen Transformation insbesondere in den Bereichen Mobilit\u00e4t, Gesundheit, Produktion und Bildung bei.<\/p>\n\n\n\n<p><strong>Kontakt<\/strong>: Dr. Sergej Zerr, <a href=\"mailto:szerr@l3s.de\">szerr@l3s.de<\/a><\/p>\n<\/div><\/div>\n\n\n\n<div style=\"height:80px\" aria-hidden=\"true\" class=\"wp-block-spacer desktop-only\"><\/div>\n\n\n\n<p><\/p>\n","protected":false},"excerpt":{"rendered":"<p>UCBL Lyon, Frankreich Claude Bernard Lyon 1 ist die Universit\u00e4t, an der j\u00e4hrlich 45.000 Studenten in den Bereichen Wissenschaft und Technologie, Gesundheit und Sport unterrichtet werden. Claude Bernard Lyon 1 ist Teil der Universit\u00e9 de Lyon, dem wichtigsten franz\u00f6sischen Universit\u00e4tsstandort au\u00dferhalb der Region Paris. Kontakt: Parisa Ghodous, parisa.ghodous-shariat-torbaghan@univ-lyon1.fr EXELIA Athen, Griechenland Die wichtigste St\u00e4rke von &hellip; <a href=\"https:\/\/machina.univ-lyon1.fr\/index.php\/de\/partnership-de\/\" class=\"more-link\">Continue reading <span class=\"screen-reader-text\">Partnerschaft<\/span><\/a><\/p>\n","protected":false},"author":5,"featured_media":0,"parent":0,"menu_order":0,"comment_status":"closed","ping_status":"closed","template":"","meta":{"_monsterinsights_skip_tracking":false,"_monsterinsights_sitenote_active":false,"_monsterinsights_sitenote_note":"","_monsterinsights_sitenote_category":0,"spay_email":""},"_links":{"self":[{"href":"https:\/\/machina.univ-lyon1.fr\/index.php\/wp-json\/wp\/v2\/pages\/418"}],"collection":[{"href":"https:\/\/machina.univ-lyon1.fr\/index.php\/wp-json\/wp\/v2\/pages"}],"about":[{"href":"https:\/\/machina.univ-lyon1.fr\/index.php\/wp-json\/wp\/v2\/types\/page"}],"author":[{"embeddable":true,"href":"https:\/\/machina.univ-lyon1.fr\/index.php\/wp-json\/wp\/v2\/users\/5"}],"replies":[{"embeddable":true,"href":"https:\/\/machina.univ-lyon1.fr\/index.php\/wp-json\/wp\/v2\/comments?post=418"}],"version-history":[{"count":13,"href":"https:\/\/machina.univ-lyon1.fr\/index.php\/wp-json\/wp\/v2\/pages\/418\/revisions"}],"predecessor-version":[{"id":1011,"href":"https:\/\/machina.univ-lyon1.fr\/index.php\/wp-json\/wp\/v2\/pages\/418\/revisions\/1011"}],"wp:attachment":[{"href":"https:\/\/machina.univ-lyon1.fr\/index.php\/wp-json\/wp\/v2\/media?parent=418"}],"curies":[{"name":"wp","href":"https:\/\/api.w.org\/{rel}","templated":true}]}}