{"id":601,"date":"2020-12-20T22:52:03","date_gmt":"2020-12-20T21:52:03","guid":{"rendered":"https:\/\/machina.l3s.uni-hannover.de\/?page_id=601"},"modified":"2020-12-20T22:52:05","modified_gmt":"2020-12-20T21:52:05","slug":"reunion-de-lancement-29-30-septembre-2020","status":"publish","type":"page","link":"https:\/\/machina.univ-lyon1.fr\/index.php\/fr\/reunion-de-lancement-29-30-septembre-2020\/","title":{"rendered":"R\u00e9union de lancement, 29-30 septembre 2020"},"content":{"rendered":"\n<p>La premi\u00e8re r\u00e9union de projet s\u2019est d\u00e9roul\u00e9e en ligne, en septembre 2020 et cela a \u00e9t\u00e9 l\u2019occasion pour discuter du programme du projet et s&#8217;assurer que tous les partenaires ont une compr\u00e9hension commune du projet et de leurs r\u00f4les dans celui-ci. De plus, la vision commune du cours de formation a \u00e9t\u00e9 mise en \u00e9vidence, les principales activit\u00e9s convenues et les autres t\u00e2ches divis\u00e9es. Il a \u00e9galement \u00e9t\u00e9 discut\u00e9 en d\u00e9tail des proc\u00e9dures de gestion de projet, de monitorage et reporting, ainsi que de l&#8217;allocation budg\u00e9taire et du calendrier du projet.<\/p>\n\n\n\n<p>La prochaine r\u00e9union des partenaires aura lieu en mars 2021, \u00e0 Hanovre en Allemagne.<\/p>\n\n\n\n<div style=\"height:35px\" aria-hidden=\"true\" class=\"wp-block-spacer\"><\/div>\n\n\n\n<div class=\"wp-block-jetpack-slideshow aligncenter\" data-effect=\"slide\"><div class=\"wp-block-jetpack-slideshow_container swiper-container\"><ul class=\"wp-block-jetpack-slideshow_swiper-wrapper swiper-wrapper\"><li class=\"wp-block-jetpack-slideshow_slide swiper-slide\"><figure><img loading=\"lazy\" width=\"1024\" height=\"536\" alt=\"\" class=\"wp-block-jetpack-slideshow_image wp-image-282\" data-id=\"282\" src=\"https:\/\/machina.l3s.uni-hannover.de\/wp-content\/uploads\/2020\/11\/MACHINA_KOM_pic1-1024x536.png\" srcset=\"https:\/\/machina.univ-lyon1.fr\/wp-content\/uploads\/2020\/11\/MACHINA_KOM_pic1-1024x536.png 1024w, https:\/\/machina.univ-lyon1.fr\/wp-content\/uploads\/2020\/11\/MACHINA_KOM_pic1-300x157.png 300w, https:\/\/machina.univ-lyon1.fr\/wp-content\/uploads\/2020\/11\/MACHINA_KOM_pic1-768x402.png 768w, https:\/\/machina.univ-lyon1.fr\/wp-content\/uploads\/2020\/11\/MACHINA_KOM_pic1-1536x803.png 1536w, https:\/\/machina.univ-lyon1.fr\/wp-content\/uploads\/2020\/11\/MACHINA_KOM_pic1-2048x1071.png 2048w, https:\/\/machina.univ-lyon1.fr\/wp-content\/uploads\/2020\/11\/MACHINA_KOM_pic1-685x358.png 685w, https:\/\/machina.univ-lyon1.fr\/wp-content\/uploads\/2020\/11\/MACHINA_KOM_pic1-2000x1046.png 2000w\" sizes=\"(max-width: 1024px) 100vw, 1024px\" \/><\/figure><\/li><li class=\"wp-block-jetpack-slideshow_slide swiper-slide\"><figure><img loading=\"lazy\" width=\"1024\" height=\"600\" alt=\"\" class=\"wp-block-jetpack-slideshow_image wp-image-279\" data-id=\"279\" src=\"https:\/\/machina.l3s.uni-hannover.de\/wp-content\/uploads\/2020\/11\/MACHINA_KOM_pic4-1024x600.png\" srcset=\"https:\/\/machina.univ-lyon1.fr\/wp-content\/uploads\/2020\/11\/MACHINA_KOM_pic4-1024x600.png 1024w, https:\/\/machina.univ-lyon1.fr\/wp-content\/uploads\/2020\/11\/MACHINA_KOM_pic4-300x176.png 300w, https:\/\/machina.univ-lyon1.fr\/wp-content\/uploads\/2020\/11\/MACHINA_KOM_pic4-768x450.png 768w, https:\/\/machina.univ-lyon1.fr\/wp-content\/uploads\/2020\/11\/MACHINA_KOM_pic4-1536x900.png 1536w, https:\/\/machina.univ-lyon1.fr\/wp-content\/uploads\/2020\/11\/MACHINA_KOM_pic4-2048x1200.png 2048w, https:\/\/machina.univ-lyon1.fr\/wp-content\/uploads\/2020\/11\/MACHINA_KOM_pic4-685x401.png 685w, https:\/\/machina.univ-lyon1.fr\/wp-content\/uploads\/2020\/11\/MACHINA_KOM_pic4-2000x1172.png 2000w\" sizes=\"(max-width: 1024px) 100vw, 1024px\" \/><\/figure><\/li><li class=\"wp-block-jetpack-slideshow_slide swiper-slide\"><figure><img loading=\"lazy\" width=\"1024\" height=\"614\" alt=\"\" class=\"wp-block-jetpack-slideshow_image wp-image-277\" data-id=\"277\" src=\"https:\/\/machina.l3s.uni-hannover.de\/wp-content\/uploads\/2020\/11\/MACHINA_KOM_pic6-1024x614.jpg\" srcset=\"https:\/\/machina.univ-lyon1.fr\/wp-content\/uploads\/2020\/11\/MACHINA_KOM_pic6-1024x614.jpg 1024w, https:\/\/machina.univ-lyon1.fr\/wp-content\/uploads\/2020\/11\/MACHINA_KOM_pic6-300x180.jpg 300w, https:\/\/machina.univ-lyon1.fr\/wp-content\/uploads\/2020\/11\/MACHINA_KOM_pic6-768x461.jpg 768w, https:\/\/machina.univ-lyon1.fr\/wp-content\/uploads\/2020\/11\/MACHINA_KOM_pic6-1536x921.jpg 1536w, https:\/\/machina.univ-lyon1.fr\/wp-content\/uploads\/2020\/11\/MACHINA_KOM_pic6-2048x1228.jpg 2048w, https:\/\/machina.univ-lyon1.fr\/wp-content\/uploads\/2020\/11\/MACHINA_KOM_pic6-685x411.jpg 685w, https:\/\/machina.univ-lyon1.fr\/wp-content\/uploads\/2020\/11\/MACHINA_KOM_pic6-2000x1200.jpg 2000w\" sizes=\"(max-width: 1024px) 100vw, 1024px\" \/><\/figure><\/li><\/ul><a class=\"wp-block-jetpack-slideshow_button-prev swiper-button-prev swiper-button-white\" role=\"button\"><\/a><a class=\"wp-block-jetpack-slideshow_button-next swiper-button-next swiper-button-white\" role=\"button\"><\/a><a aria-label=\"Pause Slideshow\" class=\"wp-block-jetpack-slideshow_button-pause\" role=\"button\"><\/a><div class=\"wp-block-jetpack-slideshow_pagination swiper-pagination swiper-pagination-white\"><\/div><\/div><\/div>\n\n\n\n<p><\/p>\n","protected":false},"excerpt":{"rendered":"<p>La premi\u00e8re r\u00e9union de projet s\u2019est d\u00e9roul\u00e9e en ligne, en septembre 2020 et cela a \u00e9t\u00e9 l\u2019occasion pour discuter du programme du projet et s&#8217;assurer que tous les partenaires ont une compr\u00e9hension commune du projet et de leurs r\u00f4les dans celui-ci. De plus, la vision commune du cours de formation a \u00e9t\u00e9 mise en \u00e9vidence, &hellip; <a href=\"https:\/\/machina.univ-lyon1.fr\/index.php\/fr\/reunion-de-lancement-29-30-septembre-2020\/\" class=\"more-link\">Continue reading <span class=\"screen-reader-text\">R\u00e9union de lancement, 29-30 septembre 2020<\/span><\/a><\/p>\n","protected":false},"author":5,"featured_media":0,"parent":0,"menu_order":0,"comment_status":"closed","ping_status":"closed","template":"","meta":{"_monsterinsights_skip_tracking":false,"_monsterinsights_sitenote_active":false,"_monsterinsights_sitenote_note":"","_monsterinsights_sitenote_category":0,"spay_email":""},"_links":{"self":[{"href":"https:\/\/machina.univ-lyon1.fr\/index.php\/wp-json\/wp\/v2\/pages\/601"}],"collection":[{"href":"https:\/\/machina.univ-lyon1.fr\/index.php\/wp-json\/wp\/v2\/pages"}],"about":[{"href":"https:\/\/machina.univ-lyon1.fr\/index.php\/wp-json\/wp\/v2\/types\/page"}],"author":[{"embeddable":true,"href":"https:\/\/machina.univ-lyon1.fr\/index.php\/wp-json\/wp\/v2\/users\/5"}],"replies":[{"embeddable":true,"href":"https:\/\/machina.univ-lyon1.fr\/index.php\/wp-json\/wp\/v2\/comments?post=601"}],"version-history":[{"count":1,"href":"https:\/\/machina.univ-lyon1.fr\/index.php\/wp-json\/wp\/v2\/pages\/601\/revisions"}],"predecessor-version":[{"id":603,"href":"https:\/\/machina.univ-lyon1.fr\/index.php\/wp-json\/wp\/v2\/pages\/601\/revisions\/603"}],"wp:attachment":[{"href":"https:\/\/machina.univ-lyon1.fr\/index.php\/wp-json\/wp\/v2\/media?parent=601"}],"curies":[{"name":"wp","href":"https:\/\/api.w.org\/{rel}","templated":true}]}}