{"id":608,"date":"2020-12-20T22:58:43","date_gmt":"2020-12-20T21:58:43","guid":{"rendered":"https:\/\/machina.l3s.uni-hannover.de\/?page_id=608"},"modified":"2020-12-20T22:58:44","modified_gmt":"2020-12-20T21:58:44","slug":"intalnire-de-incepere-a-proiectului-29-30-septembrie-2020","status":"publish","type":"page","link":"https:\/\/machina.univ-lyon1.fr\/index.php\/ro\/intalnire-de-incepere-a-proiectului-29-30-septembrie-2020\/","title":{"rendered":"\u00cent\u00e2lnire de \u00eencepere a proiectului, 29-30 septembrie 2020"},"content":{"rendered":"\n<p>\u00cen septembrie 2020, prima \u00eent\u00e2lnire a proiectului a avut loc online pentru a discuta planul proiectului \u0219i asigurarea c\u0103 to\u021bi partenerii au o \u00een\u021belegere comun\u0103 a proiectului \u0219i a rolurilor lor \u00een cadrul acestuia. Mai mult, a fost eviden\u021biat\u0103 viziunea comun\u0103 a cursului de formare, au fost agreate principalele activit\u0103\u021bi \u0219i sarcinile suplimentare au fost \u00eemp\u0103r\u021bite. Au fost, de asemenea, discutate \u00een detaliu managementul proiectului \u0219i procedurile de raportare, alocarea bugetului \u0219i calendarul proiectului. <\/p>\n\n\n\n<p>Urm\u0103toarea \u00eent\u00e2lnire a partenerilor va avea loc \u00een martie 2021, \u00een Hanovra, Germania.<\/p>\n\n\n\n<div style=\"height:35px\" aria-hidden=\"true\" class=\"wp-block-spacer\"><\/div>\n\n\n\n<div class=\"wp-block-jetpack-slideshow aligncenter\" data-effect=\"slide\"><div class=\"wp-block-jetpack-slideshow_container swiper-container\"><ul class=\"wp-block-jetpack-slideshow_swiper-wrapper swiper-wrapper\"><li class=\"wp-block-jetpack-slideshow_slide swiper-slide\"><figure><img loading=\"lazy\" width=\"1024\" height=\"536\" alt=\"\" class=\"wp-block-jetpack-slideshow_image wp-image-282\" data-id=\"282\" src=\"https:\/\/machina.l3s.uni-hannover.de\/wp-content\/uploads\/2020\/11\/MACHINA_KOM_pic1-1024x536.png\" srcset=\"https:\/\/machina.univ-lyon1.fr\/wp-content\/uploads\/2020\/11\/MACHINA_KOM_pic1-1024x536.png 1024w, https:\/\/machina.univ-lyon1.fr\/wp-content\/uploads\/2020\/11\/MACHINA_KOM_pic1-300x157.png 300w, https:\/\/machina.univ-lyon1.fr\/wp-content\/uploads\/2020\/11\/MACHINA_KOM_pic1-768x402.png 768w, https:\/\/machina.univ-lyon1.fr\/wp-content\/uploads\/2020\/11\/MACHINA_KOM_pic1-1536x803.png 1536w, https:\/\/machina.univ-lyon1.fr\/wp-content\/uploads\/2020\/11\/MACHINA_KOM_pic1-2048x1071.png 2048w, https:\/\/machina.univ-lyon1.fr\/wp-content\/uploads\/2020\/11\/MACHINA_KOM_pic1-685x358.png 685w, https:\/\/machina.univ-lyon1.fr\/wp-content\/uploads\/2020\/11\/MACHINA_KOM_pic1-2000x1046.png 2000w\" sizes=\"(max-width: 1024px) 100vw, 1024px\" \/><\/figure><\/li><li class=\"wp-block-jetpack-slideshow_slide swiper-slide\"><figure><img loading=\"lazy\" width=\"1024\" height=\"600\" alt=\"\" class=\"wp-block-jetpack-slideshow_image wp-image-279\" data-id=\"279\" src=\"https:\/\/machina.l3s.uni-hannover.de\/wp-content\/uploads\/2020\/11\/MACHINA_KOM_pic4-1024x600.png\" srcset=\"https:\/\/machina.univ-lyon1.fr\/wp-content\/uploads\/2020\/11\/MACHINA_KOM_pic4-1024x600.png 1024w, https:\/\/machina.univ-lyon1.fr\/wp-content\/uploads\/2020\/11\/MACHINA_KOM_pic4-300x176.png 300w, https:\/\/machina.univ-lyon1.fr\/wp-content\/uploads\/2020\/11\/MACHINA_KOM_pic4-768x450.png 768w, https:\/\/machina.univ-lyon1.fr\/wp-content\/uploads\/2020\/11\/MACHINA_KOM_pic4-1536x900.png 1536w, https:\/\/machina.univ-lyon1.fr\/wp-content\/uploads\/2020\/11\/MACHINA_KOM_pic4-2048x1200.png 2048w, https:\/\/machina.univ-lyon1.fr\/wp-content\/uploads\/2020\/11\/MACHINA_KOM_pic4-685x401.png 685w, https:\/\/machina.univ-lyon1.fr\/wp-content\/uploads\/2020\/11\/MACHINA_KOM_pic4-2000x1172.png 2000w\" sizes=\"(max-width: 1024px) 100vw, 1024px\" \/><\/figure><\/li><li class=\"wp-block-jetpack-slideshow_slide swiper-slide\"><figure><img loading=\"lazy\" width=\"1024\" height=\"614\" alt=\"\" class=\"wp-block-jetpack-slideshow_image wp-image-277\" data-id=\"277\" src=\"https:\/\/machina.l3s.uni-hannover.de\/wp-content\/uploads\/2020\/11\/MACHINA_KOM_pic6-1024x614.jpg\" srcset=\"https:\/\/machina.univ-lyon1.fr\/wp-content\/uploads\/2020\/11\/MACHINA_KOM_pic6-1024x614.jpg 1024w, https:\/\/machina.univ-lyon1.fr\/wp-content\/uploads\/2020\/11\/MACHINA_KOM_pic6-300x180.jpg 300w, https:\/\/machina.univ-lyon1.fr\/wp-content\/uploads\/2020\/11\/MACHINA_KOM_pic6-768x461.jpg 768w, https:\/\/machina.univ-lyon1.fr\/wp-content\/uploads\/2020\/11\/MACHINA_KOM_pic6-1536x921.jpg 1536w, https:\/\/machina.univ-lyon1.fr\/wp-content\/uploads\/2020\/11\/MACHINA_KOM_pic6-2048x1228.jpg 2048w, https:\/\/machina.univ-lyon1.fr\/wp-content\/uploads\/2020\/11\/MACHINA_KOM_pic6-685x411.jpg 685w, https:\/\/machina.univ-lyon1.fr\/wp-content\/uploads\/2020\/11\/MACHINA_KOM_pic6-2000x1200.jpg 2000w\" sizes=\"(max-width: 1024px) 100vw, 1024px\" \/><\/figure><\/li><\/ul><a class=\"wp-block-jetpack-slideshow_button-prev swiper-button-prev swiper-button-white\" role=\"button\"><\/a><a class=\"wp-block-jetpack-slideshow_button-next swiper-button-next swiper-button-white\" role=\"button\"><\/a><a aria-label=\"Pause Slideshow\" class=\"wp-block-jetpack-slideshow_button-pause\" role=\"button\"><\/a><div class=\"wp-block-jetpack-slideshow_pagination swiper-pagination swiper-pagination-white\"><\/div><\/div><\/div>\n","protected":false},"excerpt":{"rendered":"<p>\u00cen septembrie 2020, prima \u00eent\u00e2lnire a proiectului a avut loc online pentru a discuta planul proiectului \u0219i asigurarea c\u0103 to\u021bi partenerii au o \u00een\u021belegere comun\u0103 a proiectului \u0219i a rolurilor lor \u00een cadrul acestuia. Mai mult, a fost eviden\u021biat\u0103 viziunea comun\u0103 a cursului de formare, au fost agreate principalele activit\u0103\u021bi \u0219i sarcinile suplimentare au fost &hellip; <a href=\"https:\/\/machina.univ-lyon1.fr\/index.php\/ro\/intalnire-de-incepere-a-proiectului-29-30-septembrie-2020\/\" class=\"more-link\">Continue reading <span class=\"screen-reader-text\">\u00cent\u00e2lnire de \u00eencepere a proiectului, 29-30 septembrie 2020<\/span><\/a><\/p>\n","protected":false},"author":5,"featured_media":0,"parent":0,"menu_order":0,"comment_status":"closed","ping_status":"closed","template":"","meta":{"_monsterinsights_skip_tracking":false,"_monsterinsights_sitenote_active":false,"_monsterinsights_sitenote_note":"","_monsterinsights_sitenote_category":0,"spay_email":""},"_links":{"self":[{"href":"https:\/\/machina.univ-lyon1.fr\/index.php\/wp-json\/wp\/v2\/pages\/608"}],"collection":[{"href":"https:\/\/machina.univ-lyon1.fr\/index.php\/wp-json\/wp\/v2\/pages"}],"about":[{"href":"https:\/\/machina.univ-lyon1.fr\/index.php\/wp-json\/wp\/v2\/types\/page"}],"author":[{"embeddable":true,"href":"https:\/\/machina.univ-lyon1.fr\/index.php\/wp-json\/wp\/v2\/users\/5"}],"replies":[{"embeddable":true,"href":"https:\/\/machina.univ-lyon1.fr\/index.php\/wp-json\/wp\/v2\/comments?post=608"}],"version-history":[{"count":1,"href":"https:\/\/machina.univ-lyon1.fr\/index.php\/wp-json\/wp\/v2\/pages\/608\/revisions"}],"predecessor-version":[{"id":610,"href":"https:\/\/machina.univ-lyon1.fr\/index.php\/wp-json\/wp\/v2\/pages\/608\/revisions\/610"}],"wp:attachment":[{"href":"https:\/\/machina.univ-lyon1.fr\/index.php\/wp-json\/wp\/v2\/media?parent=608"}],"curies":[{"name":"wp","href":"https:\/\/api.w.org\/{rel}","templated":true}]}}